{"id":400,"date":"2018-10-18T11:18:23","date_gmt":"2018-10-18T09:18:23","guid":{"rendered":"https:\/\/www.nicatideluze.ch\/?page_id=400"},"modified":"2018-12-17T17:17:58","modified_gmt":"2018-12-17T16:17:58","slug":"disclaimer","status":"publish","type":"page","link":"https:\/\/www.nicatideluze.ch\/de\/disclaimer\/","title":{"rendered":"Nutzungsbedingungen"},"content":{"rendered":"<h2>1. ALLGEMEINE INFORMATIONEN<\/h2>\n<p>Mit der Nutzung der Webseite nicatideluze.ch (im Folgenden: Webseite) erkl\u00e4ren Sie sich ausdr\u00fccklich mit den folgenden Nutzungsbedingungen einverstanden.<\/p>\n<h2>2. DATENSCHUTZ<\/h2>\n<h3>Prinzip<\/h3>\n<p>In \u00dcbereinstimmung mit den schweizerischen Rechtsvorschriften verpflichten wir uns, die Vertraulichkeit Ihrer personenbezogenen Daten zu wahren und sie nur f\u00fcr die Zwecke zu verwenden, f\u00fcr die Sie sie zur Verf\u00fcgung gestellt haben.<\/p>\n<h3>Cookies<\/h3>\n<p>Diese Webseite verwendet Cookies, die die Verfolgung verschiedener personenbezogener Daten erm\u00f6glichen k\u00f6nnen:<\/p>\n<ul>\n<li>Funktionale Cookies (z. B. zur Authentifizierung in einem privaten Bereich)<\/li>\n<li>Cookies zur Leistungs- und Zielgruppenmessung (Google Analytics, Pixel Facebook, etc.)<\/li>\n<li>Cookies von Drittanbietern zur Weitergabe in sozialen Netzwerken<\/li>\n<\/ul>\n<p>Liste der wichtigsten von dieser Webseite verwendeten Cookies: Google Analytics (gtag.js), Pixel Facebook, Hotjar.<\/p>\n<p>Sie haben die M\u00f6glichkeit, diese Cookies bei Ihrem ersten Besuch auf der Webseite und jederzeit durch Anklicken des Links \u00abDatenmanagement\u00bb auf jeder Seite unten zu akzeptieren oder abzulehnen.<\/p>\n<h3>Google Analytics<\/h3>\n<p>Diese Webseite benutzt Google Analytics, einen Webanalysedienst der Google Inc. (\u00abGoogle\u00bb). Google Analytics verwendet sogenannte Cookies, auf Ihrem Computer gespeicherte Textdateien, welche die Webseite bei der Analyse der Webseitennutzung seitens ihrer Besucher unterst\u00fctzen. Die durch die Cookies erzeugten Daten \u00fcber Ihre Benutzung dieser Webseite (einschliesslich Ihrer IP-Adresse) werden an einen Server von Google in den USA \u00fcbertragen und dort gespeichert. Google wird diese Informationen benutzen, um Ihre Nutzung der Webseite auszuwerten, um Berichte \u00fcber die Webseitenaktivit\u00e4ten f\u00fcr den Betreiber der Webseite zusammenzustellen und um weitere mit der Webseitennutzung und der Internetnutzung verbundene Dienstleistungen zu erbringen. Auch kann Google diese Daten allenfalls an Dritte \u00fcbertragen, sofern dies gesetzlich vorgeschrieben ist oder soweit Dritte diese Daten im Auftrag von Google verarbeiten, darin inbegriffen vor allem der Betreiber dieser Webseite. Die von Ihrem Browser \u00fcbermittelte IP-Adresse wird nicht mit anderen Daten von Google zusammengef\u00fchrt. Sie k\u00f6nnen die Verwendung von Cookies deaktivieren, indem Sie die entsprechenden Einstellungen in Ihrem Browser vornehmen. Eine solche Deaktivierung kann jedoch die Nutzung bestimmter Funktionen dieser Webseite verhindern. Durch die Nutzung dieser Webseite erkl\u00e4ren Sie sich mit der Verarbeitung Ihrer personenbezogenen Daten durch Google in der zuvor beschriebenen Art und Weise und zu dem oben genannten Zwecke einverstanden.<\/p>\n<h3>Formulare<\/h3>\n<p>Wir erheben, verarbeiten und nutzen Ihre personenbezogenen Daten zu folgenden Zwecken:<\/p>\n<ul>\n<li>Zum Beantworten Ihrer \u00fcber das Kontaktformular gesendeten Anfragen<\/li>\n<li>Zur Durchf\u00fchrung statistischer Analysen zur Verbesserung unserer Dienstleistungen<\/li>\n<\/ul>\n<h3>Zugangsrecht<\/h3>\n<p>Sie haben das Recht, auf Ihre personenbezogenen Daten zuzugreifen, sie zu korrigieren oder zu l\u00f6schen, indem Sie uns unter info(at)nicatideluze.ch kontaktieren.<\/p>\n<h2>3. URHEBERRECHT<\/h2>\n<p>Ohne die schriftliche Zustimmung der Fondation Nicati &#8211; de Luze d\u00fcrfen keine Daten verwendet, ver\u00e4ndert oder reproduziert werden.<\/p>\n<p>Als Daten gelten Texte, Bilder, Videos, Sounds oder Quellcodes, die auf der Webseite vorhanden sind.<\/p>\n<h2>4. RICHTIGKEIT DER INFORMATIONEN<\/h2>\n<p>Diese Webseite ist bestrebt, die bestm\u00f6glichen und vollst\u00e4ndigsten Informationen zu liefern. Dennoch kann keine Person einen Schadensersatz fordern, wenn ihr durch die Nutzung einer auf der Webseite enthaltenen Information ein Schaden entstehen sollte.<\/p>\n<h2>5. SPRACHE<\/h2>\n<p>Die offizielle Sprache der Stiftung ist Franz\u00f6sisch. Daher ist nur die franz\u00f6sische Version des Textes g\u00fcltig.<\/p>\n<h2>6. VERWANDTE STANDORTE<\/h2>\n<p>Der Inhaber der Webseite lehnt jede Verantwortung f\u00fcr den Inhalt der Webseiten ab, auf die \u00fcber einen Hypertext-Link verwiesen wird.<\/p>\n<h2>7. SCH\u00c4DEN, DIE EINEM DRITTEN ZUGEF\u00dcGT WURDEN<\/h2>\n<p>Der Eigent\u00fcmer der Webseite kann bei einem Schaden gleich welcher Art, der einem Dritten durch eine ungeeignete Nutzung der Webseite entstehen k\u00f6nnte, nicht haftbar gemacht werden.<\/p>\n<h2>8. SCHLUSSFOLGERUNGEN<\/h2>\n<p>Diese Nutzungsbedingungen gelten ab sofort und k\u00f6nnen vom Seiteninhaber jederzeit ge\u00e4ndert werden. \u00c4nderungen der Nutzungsbedingungen werden auf dieser Webseite bekannt gegeben.<\/p>\n<p>Den 7. Januar 2019<br \/>\nFondation Nicati &#8211; de Luze<\/p>\n","protected":false},"excerpt":{"rendered":"<p class=\"event-desc\">1. ALLGEMEINE INFORMATIONEN Mit der Nutzung der Webseite nicatideluze.ch (im Folgenden: Webseite) erkl\u00e4ren Sie sich ausdr\u00fccklich mit den [&hellip;]<\/p>\n","protected":false},"author":1,"featured_media":0,"parent":0,"menu_order":0,"comment_status":"closed","ping_status":"closed","template":"modele-page.php","meta":{"_acf_changed":false,"footnotes":""},"class_list":["post-400","page","type-page","status-publish","hentry"],"acf":[],"aioseo_notices":[],"_links":{"self":[{"href":"https:\/\/www.nicatideluze.ch\/de\/wp-json\/wp\/v2\/pages\/400","targetHints":{"allow":["GET"]}}],"collection":[{"href":"https:\/\/www.nicatideluze.ch\/de\/wp-json\/wp\/v2\/pages"}],"about":[{"href":"https:\/\/www.nicatideluze.ch\/de\/wp-json\/wp\/v2\/types\/page"}],"author":[{"embeddable":true,"href":"https:\/\/www.nicatideluze.ch\/de\/wp-json\/wp\/v2\/users\/1"}],"replies":[{"embeddable":true,"href":"https:\/\/www.nicatideluze.ch\/de\/wp-json\/wp\/v2\/comments?post=400"}],"version-history":[{"count":6,"href":"https:\/\/www.nicatideluze.ch\/de\/wp-json\/wp\/v2\/pages\/400\/revisions"}],"predecessor-version":[{"id":638,"href":"https:\/\/www.nicatideluze.ch\/de\/wp-json\/wp\/v2\/pages\/400\/revisions\/638"}],"wp:attachment":[{"href":"https:\/\/www.nicatideluze.ch\/de\/wp-json\/wp\/v2\/media?parent=400"}],"curies":[{"name":"wp","href":"https:\/\/api.w.org\/{rel}","templated":true}]}}