{"id":389,"date":"2018-10-18T11:01:32","date_gmt":"2018-10-18T09:01:32","guid":{"rendered":"https:\/\/www.nicatideluze.ch\/?page_id=389"},"modified":"2025-02-18T10:13:01","modified_gmt":"2025-02-18T09:13:01","slug":"projektfoerderung","status":"publish","type":"page","link":"https:\/\/www.nicatideluze.ch\/de\/projektfoerderung\/","title":{"rendered":"Projektf\u00f6rderung"},"content":{"rendered":"<h1>Antr\u00e4ge auf Projektunterst\u00fctzung<\/h1>\n<p><span style=\"color: #ff0000;\">Achtung: Es wurden wichtige \u00c4nderungen vorgenommen. Bitte lesen Sie die Einreichungskriterien sorgf\u00e4ltig durch, bevor Sie Ihren Antrag einreichen.<\/span><\/p>\n<h2>Welche F\u00f6rderung f\u00fcr wen?<\/h2>\n<p>Die Stiftung f\u00f6rdert spezifische Projekte von Berufmusikern.innen, Ensembles und Orchestern sowie von Konzert-und Festivalveranstaltern.innen.<\/p>\n<p>Die Unterst\u00fctzung richtet sich in erster Linie an Schweizer Komponisten.innen und Interpret.innen sowie an Konzertgesellschaften und Festivals mit Sitz in der Schweiz durch:<\/p>\n<ol>\n<li>Schweizer Werkauftrag.<\/li>\n<li>Urauff\u00fchrung neuer Schweizer Werke.<\/li>\n<li>Verbreitung zeitgen\u00f6ssischer Schweizer Werke (Komponist.innen, die fr\u00fchestens 1940 geboren wurden).<\/li>\n<\/ol>\n<h2>Kriterien und Bedingungen f\u00fcr die Einreichung eines Antrags auf Projektf\u00f6rderung<\/h2>\n<ul>\n<li>Schweizer Berufsmusiker.innen (Komponist.innen, Interpret.innen), Ensembles und Orchester.\n<ul>\n<li>Nur ein Antrag alle zwei Jahre.\n<ul>\n<li>Werkauftrag.<\/li>\n<li>Urauff\u00fchrung neuer Schweizerische Werke.<\/li>\n<li>Verbreitung Schweizerische Werke.<\/li>\n<\/ul>\n<\/li>\n<\/ul>\n<\/li>\n<\/ul>\n<ul>\n<li>Konzertgesellschaften mit Sitz in der Schweiz<br \/>\nNur ein Antrag alle zwei Jahre.<\/li>\n<\/ul>\n<ul>\n<li style=\"list-style-type: none;\">\n<ul>\n<li style=\"list-style-type: none;\">\n<ul>\n<li>Werkauftrag<\/li>\n<li>Urauff\u00fchrung neuer Schweizerischer Werke.<\/li>\n<li>Verbreitung Schweizerischer Werke.<\/li>\n<\/ul>\n<\/li>\n<\/ul>\n<\/li>\n<\/ul>\n<ul>\n<li>Konzertvereine, Ensembles und Orchester mit Sitz im Ausland\n<ul>\n<li>Nur ein Antrag alle zwei Jahre.\n<ul>\n<li>Nur Werkauftr\u00e4ge (nur ein Auftrag pro Antrag) bei einem.er Schweizer Komponist.in.<\/li>\n<\/ul>\n<\/li>\n<\/ul>\n<\/li>\n<\/ul>\n<ul>\n<li>Festivals mit Sitz in der Schweiz und im Ausland.\n<ul>\n<li>Nur ein Antrag alle zwei Jahre.\n<ul>\n<li>Nur Werkauftr\u00e4ge (nur ein Auftrag pro Antrag) bei einem.er Schweizer Komponist.in.<\/li>\n<\/ul>\n<\/li>\n<\/ul>\n<\/li>\n<\/ul>\n<h2>Allgemeines<\/h2>\n<ul>\n<li>Nur vollst\u00e4ndig ausgef\u00fcllte und auf der Internetplattform der Stiftung eingereichte Antr\u00e4ge ber\u00fccksichtigt werden.<\/li>\n<li>Bei Einreichung des Antrags werden nur Antr\u00e4ge ber\u00fccksichtig, die mindestens einen best\u00e4tigten Auff\u00fchrungstermin enthalten.<\/li>\n<li>Tourneen und Saisons von Schweizer Ensembles in der Schweiz und im Ausland: Bei Einreichung des Antrags m\u00fcssen mindestens drei Auff\u00fchrungen an etablierten Orten oder in Eigenproduktion best\u00e4tig werden.<\/li>\n<li>Wenn ein fr\u00fcheres unterst\u00fctztes Projekt abgeschlossen ist, muss es vor der Einreichung eines neuen Antrags abgeschlossen sein.<\/li>\n<li>Die Stiftung tritt nicht auf Antr\u00e4ge ein, deren Betrag Frs. 10&#8217;000.- \u00fcberschreitet.<\/li>\n<li>Die Entscheidungen der Stiftung und der Stiftungsvergabekommission sind definitiv und werden ohne Begr\u00fcndung kommuniziert.<\/li>\n<\/ul>\n<h2>Sitzungen und Fristen<\/h2>\n<p>Es finden zwei Vergabesitzungen pro Jahr statt.<\/p>\n<ul>\n<li><strong>Einreichung<\/strong> <strong>der Antr\u00e4ge: <\/strong>\n<ul>\n<li>15. Januar bis 15. Mai<\/li>\n<li>16. Mai bis 15. September<\/li>\n<\/ul>\n<\/li>\n<\/ul>\n<ul>\n<li><strong>Frist f\u00fcr die Einreichung der Antr\u00e4ge:<\/strong>\n<ul>\n<li>15. Mai<\/li>\n<li>15. September<\/li>\n<\/ul>\n<\/li>\n<\/ul>\n<ul>\n<li><strong>Frist f\u00fcr die Projektdurchf\u00fchrung f\u00fcr alle Kategorien<\/strong>:<br \/>\nFr\u00fchestens <strong>vier Monate<\/strong> nach der Einreichungsfrist<\/p>\n<ul>\n<li><strong> 15. September<\/strong> f\u00fcr das Einreichungsdatum 15. Mai<\/li>\n<li><strong>15. Januar<\/strong> f\u00fcr das Einreichungsdatum 15. September<\/li>\n<\/ul>\n<\/li>\n<\/ul>\n<ul>\n<li><strong>Frist f\u00fcr die Antwort der Stiftung:<\/strong>\n<ul>\n<li>Bis zu zwei Monate nach der Einreichungsfrist<\/li>\n<\/ul>\n<\/li>\n<\/ul>\n<h2>Die Stiftung unterst\u00fctzt nicht<\/h2>\n<ul>\n<li>Stipendien oder Stipendien f\u00fcr den Kauf eines Instruments.<\/li>\n<li>Produktion oder Herstellung von Ton-, Bild- und digitalen Medien, auch mit \u00f6ffentlicher \u201eVernissage\u201c oder \u201eRelease\u201c Tour.<\/li>\n<li>Produktion oder Herstellung von Ver\u00f6ffentlichungen (Monografie, Partitur, Artikel usw.) auch mit \u00f6ffentlicher Ausgabe.<\/li>\n<li>Betriebskosten.<\/li>\n<li>Residenzen mit oder ohne \u00f6ffentliche Auff\u00fchrung.<\/li>\n<li>P\u00e4dagogische Programme.<\/li>\n<li>\u201eMasterclasses\u201c \/ \u201eworshops\u201c.<\/li>\n<li>Kulturelle Mediation.<\/li>\n<li>Programme, die sich an Kinder richten.<\/li>\n<li>Wettbewerbe f\u00fcr junge Interpreten.innen und\/oder Komponisten.innen au\u00dferhalb der Partnerschaften der Stiftung.<\/li>\n<\/ul>\n<p>&nbsp;<\/p>\n","protected":false},"excerpt":{"rendered":"<p class=\"event-desc\">Antr\u00e4ge auf Projektunterst\u00fctzung Achtung: Es wurden wichtige \u00c4nderungen vorgenommen. Bitte lesen Sie die Einreichungskriterien sorgf\u00e4ltig durch, bevor Sie [&hellip;]<\/p>\n","protected":false},"author":1,"featured_media":0,"parent":0,"menu_order":0,"comment_status":"closed","ping_status":"closed","template":"soutien.php","meta":{"_acf_changed":false,"footnotes":""},"class_list":["post-389","page","type-page","status-publish","hentry"],"acf":[],"aioseo_notices":[],"_links":{"self":[{"href":"https:\/\/www.nicatideluze.ch\/de\/wp-json\/wp\/v2\/pages\/389","targetHints":{"allow":["GET"]}}],"collection":[{"href":"https:\/\/www.nicatideluze.ch\/de\/wp-json\/wp\/v2\/pages"}],"about":[{"href":"https:\/\/www.nicatideluze.ch\/de\/wp-json\/wp\/v2\/types\/page"}],"author":[{"embeddable":true,"href":"https:\/\/www.nicatideluze.ch\/de\/wp-json\/wp\/v2\/users\/1"}],"replies":[{"embeddable":true,"href":"https:\/\/www.nicatideluze.ch\/de\/wp-json\/wp\/v2\/comments?post=389"}],"version-history":[{"count":27,"href":"https:\/\/www.nicatideluze.ch\/de\/wp-json\/wp\/v2\/pages\/389\/revisions"}],"predecessor-version":[{"id":995,"href":"https:\/\/www.nicatideluze.ch\/de\/wp-json\/wp\/v2\/pages\/389\/revisions\/995"}],"wp:attachment":[{"href":"https:\/\/www.nicatideluze.ch\/de\/wp-json\/wp\/v2\/media?parent=389"}],"curies":[{"name":"wp","href":"https:\/\/api.w.org\/{rel}","templated":true}]}}