{"id":372,"date":"2018-10-18T10:43:14","date_gmt":"2018-10-18T08:43:14","guid":{"rendered":"https:\/\/www.nicatideluze.ch\/?page_id=372"},"modified":"2026-04-24T15:04:35","modified_gmt":"2026-04-24T13:04:35","slug":"ueber-uns","status":"publish","type":"page","link":"https:\/\/www.nicatideluze.ch\/de\/ueber-uns\/","title":{"rendered":"\u00dcber uns"},"content":{"rendered":"<h2>Die Stiftung<\/h2>\n<p>Gegr\u00fcndet im Jahre 1965 in Tolochenaz (VD) von Madame Germaine Nicati &#8211; de Luze, die Fondation Nicati &#8211; de Luze hat die Mission, Schweizer Komponisten.innen* durch die Schaffung und Verbreitung von Werken zu f\u00f6rdern. Sie regt Interpreten.innen dazu an, zeitgen\u00f6ssische Musik von Schweizer Komponisten.innen aufzuf\u00fchren.<\/p>\n<p>Die Stiftung achtet besonders auf die Qualit\u00e4t und die Kreativit\u00e4t der eingereichten Projekte sowie die Offenheit f\u00fcr neue Ausdrucksformen im musikalischen Bereich.<\/p>\n<p>*= Schweizer oder in der Schweiz ans\u00e4ssig<\/p>\n<div class=\"accordeon\"><div class=\"accordeon-line\"><h3 class=\"accordeon-title\">In K\u00fcrze<i class=\"fa fa-caret-down\" aria-hidden=\"true\"><\/i><\/h3><div class=\"accordeon-body\"><h2>Stiftungsrat<\/h2>\n<p>Der Stiftungsrat setzt sich aus Pers\u00f6nlichkeiten der Region und renommierten Musiker\u00b7inne\u00b7n zusammen. In seinen T\u00e4tigkeiten wird er von einer Fachkommission und einem Generalsekretariat begleitet.<\/p>\n<p>Pr\u00e4sident: Eric Boissard<\/p>\n<p>Vizepr\u00e4sidentin: Constance Frei<\/p>\n<p>Mitglieder: St\u00e9phanie Suard Dancet, Julien Chappuis<\/p>\n<h2>Fachkommission<\/h2>\n<p>Pr\u00e4sident: Jean Pr\u00e9vost<br \/>\nMitglieder: Beno\u00eet Moreau, Martina Schucan<\/p>\n<h2>Verwaltung der Unterst\u00fctzungsaktivit\u00e4ten<\/h2>\n<p>Marie-Laure Chabloz E-mail\u00a0: <a href=\"mailto:soutien@nicatideluze.ch\">soutien@nicatideluze.ch<\/a><\/p>\n<h2>Abteilung des Nicati-Wettbewerbs<\/h2>\n<p>Gesch\u00e4ftsf\u00fchrung : Eva Boesch E-mail : <a href=\"mailto:info@nicati.ch\">info@nicati.ch<\/a><\/p>\n<h2>Generalsekretariat<\/h2>\n<p>Marie Anne Jancik &#8211; <a href=\"mailto:info@nicatideluze.ch\">E-mail<\/a><\/p>\n<\/div><\/div><\/div>\n<h2>Projektf\u00f6rderung<\/h2>\n<p>Die Stiftung f\u00f6rdert spezifische Projekte von Berufmusikern.innen, Ensembles und Orchestern sowie von Konzert-und Festivalveranstaltern.innen.<\/p>\n<p>Die Unterst\u00fctzung richtet sich in erster Linie an Schweizer Komponisten.innen und Interpret.innen sowie an Konzertgesellschaften und Festivals mit Sitz in der Schweiz durch:<\/p>\n<ol>\n<li>Schweizer Werkauftrag.<\/li>\n<li>Urauff\u00fchrung neuer Schweizer Werke.<\/li>\n<li>Verbreitung zeitgen\u00f6ssischer Schweizer Werke (Komponist.innen, die fr\u00fchestens 1940 geboren wurden).<\/li>\n<\/ol>\n<p>&nbsp;<\/p>\n<h2>Partnerschaften<\/h2>\n<h4>Concours Nicati<\/h4>\n<p>Der Concours Nicati wurde im Jahr 2000 von der Fondation Nicati &#8211; de Luze gegr\u00fcndet und ist der einzige nationale Wettbewerb in der Schweiz, der sich ausschliesslich der zeitgen\u00f6ssischen Musik widmet. Ziel des Wettbewerbs ist es, junge Musiker*innen zu entdecken, zu f\u00f6rdern und zu unterst\u00fctzen, die sich f\u00fcr das zeitgen\u00f6ssische Schaffen engagieren. Als Leuchtturm der Schweizer Musikszene vereint er herausragende K\u00fcnstler*innen sowie f\u00fchrende Pers\u00f6nlichkeiten der neuen Musik. Mit seinen Programmen und Urauff\u00fchrungen bietet er dem Publikum die M\u00f6glichkeit, die Tendenzen und Herausforderungen der Musik unserer Zeit zu entdecken. Der n\u00e4chste Concours Nicati findet vom 25. bis 31. August 2025 in Luzern statt.<\/p>\n<p><a href=\"https:\/\/www.nicati.ch\/\" target=\"_blank\" rel=\"noopener noreferrer\">www.nicati.ch<\/a><\/p>\n<h4>750 Jahre Kathedrale von Lausanne<\/h4>\n<p>F\u00fcr das 750-j\u00e4hrige Jubil\u00e4um der Kathedrale von Lausanne wurde ein reichhaltiges Programm zusammengestellt, um dieses unumg\u00e4ngliche historische Bauwerk des Kantons Waadt zu feiern. Jeder Zuschauer, jede Zuschauerin, jeder Besucher und jede Besucherin kann starke musikalische Momente erleben, normalerweise verschlossene Orte betrachten oder die Berufe der Baumeister vom Mittelalter bis heute entdecken.<\/p>\n<p>Ab Juni 2025 wird Sie ein von Les Topophoniques angebotener Audioguide auf einem Spaziergang durch die Kathedrale begleiten. Ein akustischer und erkl\u00e4render Rundgang durch die Jahrhunderte: Steinmetzarbeiten, Glocken, Orgel, Wache, Pferde auf den Pflastersteinen, Barockmusik, Gottesdienste &#8230;<\/p>\n<p>Sp\u00e4ter in der Saison wird ein von den Topophoniques komponiertes Klangwerk drei n\u00e4chtliche Spazierg\u00e4nge leiten &#8230; von den Katakomben bis zum Glockenturm der Kathedrale. Siehe das detaillierte Programm<\/p>\n<p><a href=\"https:\/\/www.cathedrale-lausanne.ch\" target=\"_blank\" rel=\"noopener\">www.cathedrale-lausanne.ch<\/a><\/p>\n<p><strong>ORPHEUS Swiss Chamber Music Competition<\/strong><\/p>\n<p>Jedes Jahr stellt <em>ORPHEUS Swiss Chamber Music Competition<\/em> den Kammermusiknachwuchs in der Schweiz ins Rampenlicht. Der Wettbewerb richtet sich an junge Talente, die am Anfang ihrer professionellen Karriere stehen, und stellt die Kandidaten vor ein anspruchsvolles Programm: drei Werke aus verschiedenen Epochen, darunter eine zeitgen\u00f6ssische Urauff\u00fchrung. Am Ende des Wettbewerbs erhalten die drei Gewinner-Ensembles Preise und die seltene Gelegenheit, ein neues Werk bei einer.em Schweizer oder in der Schweiz lebende.n Komponisten.in in Auftrag zu geben. Diese unver\u00f6ffentlichten St\u00fccke werden dann am Adelboden Festival uraufgef\u00fchrt, was dem Publikum eine privilegierte Gelegenheit bietet, zeitgen\u00f6ssische Werke zu entdecken, und aktiv zur Ausstrahlung der Schweizer Szene beitr\u00e4gt.<\/p>\n<p><a href=\"http:\/\/www.orpheus-competition.ch\">www.orpheus-competition.ch<\/a><\/p>\n<h4>International Young Composer Academy Ticino<\/h4>\n<p>Die International Young Composer Academy Ticino findet jedes Jahr Anfang Juli statt. Sie versammelt zehn junge Komponistinnen und Komponisten aus der ganzen Welt, darunter drei Kandidaten aus der Schweiz. Die Akademie bietet den jungen Komponistinnen und Komponisten die M\u00f6glichkeit, w\u00e4hrend zehn Tagen an ihren Werken zu arbeiten, die sie speziell f\u00fcr die Akademie geschrieben haben. Im Rahmen dieses breit gef\u00e4cherten Programms l\u00e4dt die Akademie eine.n Schweizer oder in der Schweiz lebende.n Komponisten.in zu Workshops, um das Schweizer Musikschaffen f\u00fcr junge Talente\u00a0 aufzuwerten und die Diskussion \u00fcber die Komposition und die Lebendigkeit dieses Bereichs in der Schweiz zu f\u00f6rdern.<\/p>\n<p><a href=\"https:\/\/composersacademy.org\/\" target=\"_blank\" rel=\"noopener\">composersacademy.org<\/a><\/p>\n<h4>Concours de Gen\u00e8ve &#8211; International Music Competition<\/h4>\n<p>Der Concours de Gen\u00e8ve wurde 1939 gegr\u00fcndet und ist einer der wichtigsten internationalen Musikwettbewerbe. Sein Ziel ist es, junge Talente zu entdecken, zu f\u00f6rdern und zu unterst\u00fctzen und ihnen das n\u00f6tige R\u00fcstzeug zu geben, um eine internationale Karriere zu entwickeln. Die 78. Ausgabe fand im Oktober 2024 statt. Der Preis der Nicati &#8211; de Luze Stiftung wurde an Sang-Min Ryu verliehen.<\/p>\n<p><a href=\"https:\/\/www.concoursgeneve.ch\/eng\/\" target=\"_blank\" rel=\"noopener noreferrer\">www.concoursgeneve.ch<\/a><\/p>\n<p>&nbsp;<\/p>\n","protected":false},"excerpt":{"rendered":"<p class=\"event-desc\">Die Stiftung Gegr\u00fcndet im Jahre 1965 in Tolochenaz (VD) von Madame Germaine Nicati &#8211; de Luze, die Fondation [&hellip;]<\/p>\n","protected":false},"author":1,"featured_media":0,"parent":0,"menu_order":0,"comment_status":"closed","ping_status":"closed","template":"a-propos.php","meta":{"_acf_changed":false,"footnotes":""},"class_list":["post-372","page","type-page","status-publish","hentry"],"acf":[],"aioseo_notices":[],"_links":{"self":[{"href":"https:\/\/www.nicatideluze.ch\/de\/wp-json\/wp\/v2\/pages\/372","targetHints":{"allow":["GET"]}}],"collection":[{"href":"https:\/\/www.nicatideluze.ch\/de\/wp-json\/wp\/v2\/pages"}],"about":[{"href":"https:\/\/www.nicatideluze.ch\/de\/wp-json\/wp\/v2\/types\/page"}],"author":[{"embeddable":true,"href":"https:\/\/www.nicatideluze.ch\/de\/wp-json\/wp\/v2\/users\/1"}],"replies":[{"embeddable":true,"href":"https:\/\/www.nicatideluze.ch\/de\/wp-json\/wp\/v2\/comments?post=372"}],"version-history":[{"count":62,"href":"https:\/\/www.nicatideluze.ch\/de\/wp-json\/wp\/v2\/pages\/372\/revisions"}],"predecessor-version":[{"id":1032,"href":"https:\/\/www.nicatideluze.ch\/de\/wp-json\/wp\/v2\/pages\/372\/revisions\/1032"}],"wp:attachment":[{"href":"https:\/\/www.nicatideluze.ch\/de\/wp-json\/wp\/v2\/media?parent=372"}],"curies":[{"name":"wp","href":"https:\/\/api.w.org\/{rel}","templated":true}]}}